{"id":5744,"date":"2024-02-21T14:13:30","date_gmt":"2024-02-21T13:13:30","guid":{"rendered":"https:\/\/www.echoesproject.eu\/polityka-prywatnosci\/"},"modified":"2025-03-12T10:21:49","modified_gmt":"2025-03-12T09:21:49","slug":"privacy-policy","status":"publish","type":"page","link":"https:\/\/www.echoesproject.eu\/en\/privacy-policy\/","title":{"rendered":"Privacy policy"},"content":{"rendered":"\n<h3 class=\"wp-block-heading\">Informacje og\u00f3lne.<\/h3>\n\n\n\n<ol class=\"wp-block-list\">\n<li>Operatorem Serwisu<strong> echoesproject.eu<\/strong> jest <strong>Stowarzyszenie The Echoes Project, 85-461 Bydgoszcz, O\u0142owiana 16, NIP: 9671434138<\/strong><\/li>\n\n\n\n<li>Serwis realizuje funkcje pozyskiwania informacji o\u00a0u\u017cytkownikach i\u00a0ich zachowaniu w\u00a0nast\u0119puj\u0105cy spos\u00f3b:\n<ol class=\"wp-block-list\">\n<li>Poprzez dobrowolnie wprowadzone w&nbsp;formularzach informacje.<\/li>\n\n\n\n<li>Poprzez zapisywanie w&nbsp;urz\u0105dzeniach ko\u0144cowych pliki cookie (tzw. &#8220;ciasteczka&#8221;).<\/li>\n\n\n\n<li>Poprzez gromadzenie log\u00f3w serwera www przez operatora hostingowego<\/li>\n<\/ol>\n<\/li>\n<\/ol>\n\n\n\n<h3 class=\"wp-block-heading\">2. Informacje w&nbsp;formularzach.<\/h3>\n\n\n\n<ol class=\"wp-block-list\">\n<li>Serwis zbiera informacje podane dobrowolnie przez u\u017cytkownika.<\/li>\n\n\n\n<li>Serwis mo\u017ce zapisa\u0107 ponadto informacje o&nbsp;parametrach po\u0142\u0105czenia (oznaczenie czasu, adres IP)<\/li>\n\n\n\n<li>Dane w&nbsp;formularzu nie s\u0105 udost\u0119pniane podmiotom trzecim inaczej, ni\u017c za zgod\u0105 u\u017cytkownika.<\/li>\n\n\n\n<li>Dane podane w&nbsp;formularzu mog\u0105 stanowi\u0107 zbi\u00f3r potencjalnych klient\u00f3w, zarejestrowany przez Operatora Serwisu w&nbsp;rejestrze prowadzonym przez Generalnego Inspektora Ochrony Danych Osobowych.<\/li>\n\n\n\n<li>Dane podane w&nbsp;formularzu s\u0105 przetwarzane w&nbsp;celu wynikaj\u0105cym z&nbsp;funkcji konkretnego formularza, np w&nbsp;celu dokonania procesu obs\u0142ugi zg\u0142oszenia serwisowego lub kontaktu handlowego.<\/li>\n\n\n\n<li>Dane podane w&nbsp;formularzach mog\u0105 by\u0107 przekazane podmiotom technicznie realizuj\u0105cym niekt\u00f3re us\u0142ugi \u2013 w&nbsp;szczeg\u00f3lno\u015bci dotyczy to przekazywania informacji o&nbsp;posiadaczu rejestrowanej domeny do podmiot\u00f3w b\u0119d\u0105cych operatorami domen internetowych (przede wszystkim Naukowa i&nbsp;Akademicka Sie\u0107 Komputerowa j.b.r \u2013 NASK), serwis\u00f3w obs\u0142uguj\u0105cych p\u0142atno\u015bci lub te\u017c innych podmiot\u00f3w, z&nbsp;kt\u00f3rymi Operator Serwisu w&nbsp;tym zakresie wsp\u00f3\u0142pracuje.<\/li>\n<\/ol>\n\n\n\n<h3 class=\"wp-block-heading\">3. Informacja o&nbsp;plikach cookies.<\/h3>\n\n\n\n<ol class=\"wp-block-list\">\n<li>Serwis korzysta z&nbsp;plik\u00f3w cookies.<\/li>\n\n\n\n<li>Pliki cookies (tzw. \u201eciasteczka\u201d) stanowi\u0105 dane informatyczne, w&nbsp;szczeg\u00f3lno\u015bci pliki tekstowe, kt\u00f3re przechowywane s\u0105 w&nbsp;urz\u0105dzeniu ko\u0144cowym U\u017cytkownika Serwisu i&nbsp;przeznaczone s\u0105 do korzystania ze stron internetowych Serwisu. Cookies zazwyczaj zawieraj\u0105 nazw\u0119 strony internetowej, z&nbsp;kt\u00f3rej pochodz\u0105, czas przechowywania ich na urz\u0105dzeniu ko\u0144cowym oraz unikalny numer.<\/li>\n\n\n\n<li>Podmiotem zamieszczaj\u0105cym na urz\u0105dzeniu ko\u0144cowym U\u017cytkownika Serwisu pliki cookies oraz uzyskuj\u0105cym do nich dost\u0119p jest operator Serwisu.<\/li>\n\n\n\n<li>Pliki cookies wykorzystywane s\u0105 w\u00a0nast\u0119puj\u0105cych celach:\n<ol class=\"wp-block-list\">\n<li>tworzenia statystyk, kt\u00f3re pomagaj\u0105 zrozumie\u0107, w&nbsp;jaki spos\u00f3b U\u017cytkownicy Serwisu korzystaj\u0105 ze stron internetowych, co umo\u017cliwia ulepszanie ich struktury i&nbsp;zawarto\u015bci;<\/li>\n\n\n\n<li>utrzymanie sesji U\u017cytkownika Serwisu (po zalogowaniu), dzi\u0119ki kt\u00f3rej U\u017cytkownik nie musi na ka\u017cdej podstronie Serwisu ponownie wpisywa\u0107 loginu i&nbsp;has\u0142a;<\/li>\n\n\n\n<li>okre\u015blania profilu u\u017cytkownika w&nbsp;celu wy\u015bwietlania mu dopasowanych materia\u0142\u00f3w w&nbsp;sieciach reklamowych, w&nbsp;szczeg\u00f3lno\u015bci sieci Google.<\/li>\n<\/ol>\n<\/li>\n\n\n\n<li>W ramach Serwisu stosowane s\u0105 dwa zasadnicze rodzaje plik\u00f3w cookies: \u201esesyjne\u201d (session cookies) oraz \u201esta\u0142e\u201d (persistent cookies). Cookies \u201esesyjne\u201d s\u0105 plikami tymczasowymi, kt\u00f3re przechowywane s\u0105 w&nbsp;urz\u0105dzeniu ko\u0144cowym U\u017cytkownika do czasu wylogowania, opuszczenia strony internetowej lub wy\u0142\u0105czenia oprogramowania (przegl\u0105darki internetowej). \u201eSta\u0142e\u201d pliki cookies przechowywane s\u0105 w&nbsp;urz\u0105dzeniu ko\u0144cowym U\u017cytkownika przez czas okre\u015blony w&nbsp;parametrach plik\u00f3w cookies lub do czasu ich usuni\u0119cia przez U\u017cytkownika.<\/li>\n\n\n\n<li>Oprogramowanie do przegl\u0105dania stron internetowych (przegl\u0105darka internetowa) zazwyczaj domy\u015blnie dopuszcza przechowywanie plik\u00f3w cookies w&nbsp;urz\u0105dzeniu ko\u0144cowym U\u017cytkownika. U\u017cytkownicy Serwisu mog\u0105 dokona\u0107 zmiany ustawie\u0144 w&nbsp;tym zakresie. Przegl\u0105darka internetowa umo\u017cliwia usuni\u0119cie plik\u00f3w cookies. Mo\u017cliwe jest tak\u017ce automatyczne blokowanie plik\u00f3w cookies Szczeg\u00f3\u0142owe informacje na ten temat zawiera pomoc lub dokumentacja przegl\u0105darki internetowej.<\/li>\n\n\n\n<li>Ograniczenia stosowania plik\u00f3w cookies mog\u0105 wp\u0142yn\u0105\u0107 na niekt\u00f3re funkcjonalno\u015bci dost\u0119pne na stronach internetowych Serwisu.<\/li>\n\n\n\n<li>Pliki cookies zamieszczane w&nbsp;urz\u0105dzeniu ko\u0144cowym U\u017cytkownika Serwisu i&nbsp;wykorzystywane mog\u0105 by\u0107 r\u00f3wnie\u017c przez wsp\u00f3\u0142pracuj\u0105cych z&nbsp;operatorem Serwisu reklamodawc\u00f3w oraz partner\u00f3w.<\/li>\n\n\n\n<li>Zalecamy przeczytanie polityki ochrony prywatno\u015bci tych firm, aby pozna\u0107 zasady korzystania z&nbsp;plik\u00f3w cookie wykorzystywane w&nbsp;statystykach: <a href=\"http:\/\/www.google.pl\/intl\/pl\/analytics\/privacyoverview.html\">Polityka ochrony prywatno\u015bci Google Analytics<\/a><\/li>\n\n\n\n<li>Pliki cookie mog\u0105 by\u0107 wykorzystane przez sieci reklamowe, w&nbsp;szczeg\u00f3lno\u015bci sie\u0107 Google, do wy\u015bwietlenia reklam dopasowanych do sposobu, w&nbsp;jaki u\u017cytkownik korzysta z&nbsp;Serwisu. W&nbsp;tym celu mog\u0105 zachowa\u0107 informacj\u0119 o&nbsp;\u015bcie\u017cce nawigacji u\u017cytkownika lub czasie pozostawania na danej stronie.<\/li>\n\n\n\n<li>W zakresie informacji o&nbsp;preferencjach u\u017cytkownika gromadzonych przez sie\u0107 reklamow\u0105 Google u\u017cytkownik mo\u017ce przegl\u0105da\u0107 i&nbsp;edytowa\u0107 informacje wynikaj\u0105ce z&nbsp;plik\u00f3w cookies przy pomocy narz\u0119dzia: <a href=\"https:\/\/www.google.com\/ads\/preferences\/\">https:\/\/www.google.com\/ads\/preferences\/<\/a><\/li>\n<\/ol>\n\n\n\n<h3 class=\"wp-block-heading\">4. Logi serwera.<\/h3>\n\n\n\n<ol class=\"wp-block-list\">\n<li>Informacje o&nbsp;niekt\u00f3rych zachowaniach u\u017cytkownik\u00f3w podlegaj\u0105 logowaniu w&nbsp;warstwie serwerowej. Dane te s\u0105 wykorzystywane wy\u0142\u0105cznie w&nbsp;celu administrowania serwisem oraz w&nbsp;celu zapewnienia jak najbardziej sprawnej obs\u0142ugi \u015bwiadczonych us\u0142ug hostingowych.<\/li>\n\n\n\n<li>Przegl\u0105dane zasoby identyfikowane s\u0105 poprzez adresy URL. Ponadto zapisowi mog\u0105 podlega\u0107:\n<ol class=\"wp-block-list\">\n<li>czas nadej\u015bcia zapytania,<\/li>\n\n\n\n<li>czas wys\u0142ania odpowiedzi,<\/li>\n\n\n\n<li>nazw\u0119 stacji klienta \u2013 identyfikacja realizowana przez protok\u00f3\u0142 HTTP,<\/li>\n\n\n\n<li>informacje o&nbsp;b\u0142\u0119dach jakie nast\u0105pi\u0142y przy realizacji transakcji HTTP,<\/li>\n\n\n\n<li>adres URL strony poprzednio odwiedzanej przez u\u017cytkownika (referer link) \u2013 w&nbsp;przypadku gdy przej\u015bcie do Serwisu nast\u0105pi\u0142o przez odno\u015bnik,<\/li>\n\n\n\n<li>informacje o&nbsp;przegl\u0105darce u\u017cytkownika,<\/li>\n\n\n\n<li>Informacje o&nbsp;adresie IP.<\/li>\n<\/ol>\n<\/li>\n\n\n\n<li>Dane powy\u017csze nie s\u0105 kojarzone z&nbsp;konkretnymi osobami przegl\u0105daj\u0105cymi strony.<\/li>\n\n\n\n<li>Dane powy\u017csze s\u0105 wykorzystywane jedynie dla cel\u00f3w administrowania serwerem.<\/li>\n<\/ol>\n\n\n\n<h3 class=\"wp-block-heading\">5. Udost\u0119pnienie danych.<\/h3>\n\n\n\n<ol class=\"wp-block-list\">\n<li>Dane podlegaj\u0105 udost\u0119pnieniu podmiotom zewn\u0119trznym wy\u0142\u0105cznie w&nbsp;granicach prawnie dozwolonych.<\/li>\n\n\n\n<li>Dane umo\u017cliwiaj\u0105ce identyfikacj\u0119 osoby fizycznej s\u0105 udost\u0119pniane wy\u0142\u0105czenie za zgod\u0105 tej osoby.<\/li>\n\n\n\n<li>Operator mo\u017ce mie\u0107 obowi\u0105zek udzielania informacji zebranych przez Serwis upowa\u017cnionym organom na podstawie zgodnych z&nbsp;prawem \u017c\u0105da\u0144 w&nbsp;zakresie wynikaj\u0105cym z&nbsp;\u017c\u0105dania.<\/li>\n<\/ol>\n\n\n\n<h3 class=\"wp-block-heading\">6. Zarz\u0105dzanie plikami cookies \u2013 jak w&nbsp;praktyce wyra\u017ca\u0107 i&nbsp;cofa\u0107 zgod\u0119?<\/h3>\n\n\n\n<ol class=\"wp-block-list\">\n<li>Je\u015bli u\u017cytkownik nie chce otrzymywa\u0107 plik\u00f3w cookies, mo\u017ce zmieni\u0107 ustawienia przegl\u0105darki. Zastrzegamy, \u017ce wy\u0142\u0105czenie obs\u0142ugi plik\u00f3w cookies niezb\u0119dnych dla proces\u00f3w uwierzytelniania, bezpiecze\u0144stwa, utrzymania preferencji u\u017cytkownika mo\u017ce utrudni\u0107, a&nbsp;w skrajnych przypadkach mo\u017ce uniemo\u017cliwi\u0107 korzystanie ze stron www<\/li>\n\n\n\n<li>W celu zarz\u0105dzania ustawieniami cookies wybierz z\u00a0listy poni\u017cej przegl\u0105dark\u0119 internetow\u0105\/ system i\u00a0post\u0119puj zgodnie z\u00a0instrukcjami:\n<ol class=\"wp-block-list\">\n<li><a href=\"http:\/\/support.microsoft.com\/kb\/196955\">Internet Explorer<\/a><\/li>\n\n\n\n<li><a href=\"http:\/\/support.google.com\/chrome\/bin\/answer.py?hl=pl&amp;answer=95647\">Chrome<\/a><\/li>\n\n\n\n<li><a href=\"http:\/\/support.apple.com\/kb\/PH5042\">Safari<\/a><\/li>\n\n\n\n<li><a href=\"http:\/\/support.mozilla.org\/pl\/kb\/W%C5%82%C4%85czanie%20i%20wy%C5%82%C4%85czanie%20obs%C5%82ugi%20ciasteczek\">Firefox<\/a><\/li>\n\n\n\n<li><a href=\"http:\/\/help.opera.com\/Windows\/12.10\/pl\/cookies.html\">Opera<\/a><\/li>\n\n\n\n<li><a href=\"http:\/\/support.google.com\/chrome\/bin\/answer.py?hl=pl&amp;answer=95647\">Android<\/a><\/li>\n\n\n\n<li><a href=\"http:\/\/support.apple.com\/kb\/HT1677?viewlocale=pl_PL\">Safari (iOS)<\/a><\/li>\n\n\n\n<li><a href=\"http:\/\/www.windowsphone.com\/pl-pl\/how-to\/wp7\/web\/changing-privacy-and-other-browser-settings\">Windows Phone<\/a><\/li>\n\n\n\n<li><a href=\"http:\/\/docs.blackberry.com\/en\/smartphone_users\/deliverables\/32004\/Turn_off_cookies_in_the_browser_60_1072866_11.jsp\">Blackberry<\/a><\/li>\n<\/ol>\n<\/li>\n<\/ol>\n","protected":false},"excerpt":{"rendered":"<p>Informacje og\u00f3lne. 2. Informacje w&nbsp;formularzach. 3. Informacja o&nbsp;plikach cookies. 4. Logi serwera. 5. Udost\u0119pnienie danych. 6. Zarz\u0105dzanie plikami cookies \u2013 jak w&nbsp;praktyce wyra\u017ca\u0107 i&nbsp;cofa\u0107 zgod\u0119?<\/p>\n","protected":false},"author":1,"featured_media":0,"parent":0,"menu_order":0,"comment_status":"closed","ping_status":"open","template":"","meta":{"om_disable_all_campaigns":false,"_monsterinsights_skip_tracking":false,"_monsterinsights_sitenote_active":false,"_monsterinsights_sitenote_note":"","_monsterinsights_sitenote_category":0,"_uf_show_specific_survey":0,"_uf_disable_surveys":false,"footnotes":""},"class_list":["post-5744","page","type-page","status-publish","hentry"],"aioseo_notices":[],"_links":{"self":[{"href":"https:\/\/www.echoesproject.eu\/en\/wp-json\/wp\/v2\/pages\/5744","targetHints":{"allow":["GET"]}}],"collection":[{"href":"https:\/\/www.echoesproject.eu\/en\/wp-json\/wp\/v2\/pages"}],"about":[{"href":"https:\/\/www.echoesproject.eu\/en\/wp-json\/wp\/v2\/types\/page"}],"author":[{"embeddable":true,"href":"https:\/\/www.echoesproject.eu\/en\/wp-json\/wp\/v2\/users\/1"}],"replies":[{"embeddable":true,"href":"https:\/\/www.echoesproject.eu\/en\/wp-json\/wp\/v2\/comments?post=5744"}],"version-history":[{"count":2,"href":"https:\/\/www.echoesproject.eu\/en\/wp-json\/wp\/v2\/pages\/5744\/revisions"}],"predecessor-version":[{"id":5838,"href":"https:\/\/www.echoesproject.eu\/en\/wp-json\/wp\/v2\/pages\/5744\/revisions\/5838"}],"wp:attachment":[{"href":"https:\/\/www.echoesproject.eu\/en\/wp-json\/wp\/v2\/media?parent=5744"}],"curies":[{"name":"wp","href":"https:\/\/api.w.org\/{rel}","templated":true}]}}