{"id":5747,"date":"2024-02-22T15:04:44","date_gmt":"2024-02-22T14:04:44","guid":{"rendered":"https:\/\/www.echoesproject.eu\/the-wall\/"},"modified":"2025-10-30T09:17:27","modified_gmt":"2025-10-30T08:17:27","slug":"the-wall","status":"publish","type":"page","link":"https:\/\/www.echoesproject.eu\/en\/the-wall\/","title":{"rendered":"The Wall Show"},"content":{"rendered":"\t\t<div data-elementor-type=\"wp-page\" data-elementor-id=\"5747\" class=\"elementor elementor-5747\">\n\t\t\t\t<div class=\"elementor-element elementor-element-5d71757f e-con-full e-flex e-con e-parent\" data-id=\"5d71757f\" data-element_type=\"container\" data-core-v316-plus=\"true\">\n\t\t\t\t<div class=\"elementor-element elementor-element-d0db1d8 elementor-widget elementor-widget-text-editor\" data-id=\"d0db1d8\" data-element_type=\"widget\" data-widget_type=\"text-editor.default\">\n\t\t\t\t<div class=\"elementor-widget-container\">\n\t\t\t<style>\/*! elementor - v3.20.0 - 13-03-2024 *\/\n.elementor-widget-text-editor.elementor-drop-cap-view-stacked .elementor-drop-cap{background-color:#69727d;color:#fff}.elementor-widget-text-editor.elementor-drop-cap-view-framed .elementor-drop-cap{color:#69727d;border:3px solid;background-color:transparent}.elementor-widget-text-editor:not(.elementor-drop-cap-view-default) .elementor-drop-cap{margin-top:8px}.elementor-widget-text-editor:not(.elementor-drop-cap-view-default) .elementor-drop-cap-letter{width:1em;height:1em}.elementor-widget-text-editor .elementor-drop-cap{float:left;text-align:center;line-height:1;font-size:50px}.elementor-widget-text-editor .elementor-drop-cap-letter{display:inline-block}<\/style>\t\t\t\t<p style=\"text-align: center;\" data-pm-slice=\"1 1 []\">BYDGOSZCZ THE WALL SHOW<\/p><p style=\"text-align: center;\">Polish Road to Freedom<\/p><p>Between 2014 and 2020, the flagship project of The Echoes Project was the music and film performance titled &#8220;Bydgoszcz THE WALL Show. Polish Road to Freedom.&#8221; The core of the show was the music from Pink Floyd&#8217;s &#8220;THE WALL&#8221; album, performed live in its entirety by The Echoes Project, accompanied by a chamber orchestra (Bydgoszcz Symphony Orchestra conducted by Marek Czeka\u0142a) and a children&#8217;s choir (Mezza Voce from the Youth Palace, conducted by Izabela Cywi\u0144ska-\u0141om\u017cy\u0144ska).<\/p>\t\t\t\t\t\t<\/div>\n\t\t\t\t<\/div>\n\t\t\t\t<\/div>\n\t\t<div class=\"elementor-element elementor-element-220c96a e-flex e-con-boxed e-con e-parent\" data-id=\"220c96a\" data-element_type=\"container\" data-core-v316-plus=\"true\">\n\t\t\t\t\t<div class=\"e-con-inner\">\n\t\t\t\t<div class=\"elementor-element elementor-element-99e7bac elementor-widget elementor-widget-image\" data-id=\"99e7bac\" data-element_type=\"widget\" data-widget_type=\"image.default\">\n\t\t\t\t<div class=\"elementor-widget-container\">\n\t\t\t<style>\/*! elementor - v3.20.0 - 13-03-2024 *\/\n.elementor-widget-image{text-align:center}.elementor-widget-image a{display:inline-block}.elementor-widget-image a img[src$=\".svg\"]{width:48px}.elementor-widget-image img{vertical-align:middle;display:inline-block}<\/style>\t\t\t\t\t\t\t\t\t\t<img fetchpriority=\"high\" decoding=\"async\" width=\"900\" height=\"600\" src=\"https:\/\/www.echoesproject.eu\/wp-content\/uploads\/2024\/02\/9_1491070315.jpg\" class=\"attachment-large size-large wp-image-2744\" alt=\"\" srcset=\"https:\/\/www.echoesproject.eu\/wp-content\/uploads\/2024\/02\/9_1491070315.jpg 1024w, https:\/\/www.echoesproject.eu\/wp-content\/uploads\/2024\/02\/9_1491070315-300x200.jpg 300w, https:\/\/www.echoesproject.eu\/wp-content\/uploads\/2024\/02\/9_1491070315-768x512.jpg 768w\" sizes=\"(max-width: 900px) 100vw, 900px\" \/>\t\t\t\t\t\t\t\t\t\t\t\t\t<\/div>\n\t\t\t\t<\/div>\n\t\t\t\t\t<\/div>\n\t\t\t\t<\/div>\n\t\t<div class=\"elementor-element elementor-element-d2195a2 e-flex e-con-boxed e-con e-parent\" data-id=\"d2195a2\" data-element_type=\"container\" data-core-v316-plus=\"true\">\n\t\t\t\t\t<div class=\"e-con-inner\">\n\t\t\t\t<div class=\"elementor-element elementor-element-0c27f6c elementor-widget elementor-widget-text-editor\" data-id=\"0c27f6c\" data-element_type=\"widget\" data-widget_type=\"text-editor.default\">\n\t\t\t\t<div class=\"elementor-widget-container\">\n\t\t\t\t\t\t\t<p data-pm-slice=\"1 1 []\">In addition to the musical aspect, an important component of the Bydgoszcz THE WALL Show is a specially filmed production created specifically for this performance. The film is based on animation combined with archival footage. It is shown during the performance, serving as a visual illustration of the music (originally directed by Marcin Sauter; after the premiere, a second version of the film was created, directed by Jarek Kuropatwi\u0144ski). This film is entirely original and is not a remake of Alan Parker&#8217;s iconic 1982 film. The story depicts Poland&#8217;s struggle for freedom through the experiences of &#8220;Polishpink&#8221; \u2013 a boy who lost his father (a pilot who fought in the Battle of Britain) during the war, endures a period of communist indoctrination, and eventually frees himself to become a rock musician and activist in the underground anti-communist opposition.<\/p><p>During the premiere, which took place on October 25, 2014, at the Polish Theatre in Bydgoszcz, the artists were accompanied by the theatre group &#8220;Juvenkreacja.&#8221; Against the backdrop of a white brick wall blocking the entrance to the theatre, they performed a happening that transported participants into the atmosphere of demonstrations from the 1980s. The entrance to the Polish Theatre in Bydgoszcz was bricked up. Unable to enter the theatre, the audience became unwitting participants in the happening, where they were checked and questioned by &#8220;MO&#8221; officers. After the happening, the actors moved the wall onto the stage, where it continued to serve as an element of building tension throughout the performance.<\/p>\t\t\t\t\t\t<\/div>\n\t\t\t\t<\/div>\n\t\t\t\t\t<\/div>\n\t\t\t\t<\/div>\n\t\t<div class=\"elementor-element elementor-element-04bbcdc e-flex e-con-boxed e-con e-parent\" data-id=\"04bbcdc\" data-element_type=\"container\" data-core-v316-plus=\"true\">\n\t\t\t\t\t<div class=\"e-con-inner\">\n\t\t<div class=\"elementor-element elementor-element-ddc42ae e-con-full e-flex e-con e-child\" data-id=\"ddc42ae\" data-element_type=\"container\">\n\t\t\t\t<div class=\"elementor-element elementor-element-c62c101 elementor-widget elementor-widget-image\" data-id=\"c62c101\" data-element_type=\"widget\" data-widget_type=\"image.default\">\n\t\t\t\t<div class=\"elementor-widget-container\">\n\t\t\t\t\t\t\t\t\t\t\t\t\t<img decoding=\"async\" width=\"610\" height=\"407\" src=\"https:\/\/www.echoesproject.eu\/wp-content\/uploads\/2024\/02\/1418158472_78.jpg\" class=\"attachment-large size-large wp-image-2478\" alt=\"\" srcset=\"https:\/\/www.echoesproject.eu\/wp-content\/uploads\/2024\/02\/1418158472_78.jpg 610w, https:\/\/www.echoesproject.eu\/wp-content\/uploads\/2024\/02\/1418158472_78-300x200.jpg 300w\" sizes=\"(max-width: 610px) 100vw, 610px\" \/>\t\t\t\t\t\t\t\t\t\t\t\t\t<\/div>\n\t\t\t\t<\/div>\n\t\t\t\t<\/div>\n\t\t<div class=\"elementor-element elementor-element-ba0713a e-con-full e-flex e-con e-child\" data-id=\"ba0713a\" data-element_type=\"container\">\n\t\t\t\t<div class=\"elementor-element elementor-element-a831c06 elementor-widget elementor-widget-image\" data-id=\"a831c06\" data-element_type=\"widget\" data-widget_type=\"image.default\">\n\t\t\t\t<div class=\"elementor-widget-container\">\n\t\t\t\t\t\t\t\t\t\t\t\t\t<img decoding=\"async\" width=\"610\" height=\"405\" src=\"https:\/\/www.echoesproject.eu\/wp-content\/uploads\/2024\/02\/1418158475_33.jpg\" class=\"attachment-large size-large wp-image-2477\" alt=\"\" srcset=\"https:\/\/www.echoesproject.eu\/wp-content\/uploads\/2024\/02\/1418158475_33.jpg 610w, https:\/\/www.echoesproject.eu\/wp-content\/uploads\/2024\/02\/1418158475_33-300x199.jpg 300w\" sizes=\"(max-width: 610px) 100vw, 610px\" \/>\t\t\t\t\t\t\t\t\t\t\t\t\t<\/div>\n\t\t\t\t<\/div>\n\t\t\t\t<\/div>\n\t\t\t\t\t<\/div>\n\t\t\t\t<\/div>\n\t\t<div class=\"elementor-element elementor-element-68c6420 e-flex e-con-boxed e-con e-parent\" data-id=\"68c6420\" data-element_type=\"container\" data-core-v316-plus=\"true\">\n\t\t\t\t\t<div class=\"e-con-inner\">\n\t\t\t\t<div class=\"elementor-element elementor-element-ffc91b3 elementor-widget elementor-widget-text-editor\" data-id=\"ffc91b3\" data-element_type=\"widget\" data-widget_type=\"text-editor.default\">\n\t\t\t\t<div class=\"elementor-widget-container\">\n\t\t\t\t\t\t\t<p data-pm-slice=\"1 1 []\">During the Bydgoszcz THE WALL Show, the music is performed entirely live. This is made possible by the participation of a children&#8217;s choir and a chamber orchestra, setting this performance apart from other interpretations \u2013 including Roger Waters&#8217; own 2013 concert at the National Stadium, where the choral and orchestral parts were played from a backing track. The involvement of children also allows for unique choreographic and theatrical-musical solutions, introducing new elements not present in other performances of THE WALL.<\/p>\t\t\t\t\t\t<\/div>\n\t\t\t\t<\/div>\n\t\t\t\t\t<\/div>\n\t\t\t\t<\/div>\n\t\t<div class=\"elementor-element elementor-element-0063797 e-con-full e-flex e-con e-parent\" data-id=\"0063797\" data-element_type=\"container\" data-core-v316-plus=\"true\">\n\t\t<div class=\"elementor-element elementor-element-5f4f6bf e-con-full e-flex e-con e-child\" data-id=\"5f4f6bf\" data-element_type=\"container\">\n\t\t\t\t<div class=\"elementor-element elementor-element-cff2193 elementor-widget elementor-widget-image\" data-id=\"cff2193\" data-element_type=\"widget\" data-widget_type=\"image.default\">\n\t\t\t\t<div class=\"elementor-widget-container\">\n\t\t\t\t\t\t\t\t\t\t\t\t\t<img loading=\"lazy\" decoding=\"async\" width=\"900\" height=\"600\" src=\"https:\/\/www.echoesproject.eu\/wp-content\/uploads\/2024\/02\/5_1414352935.jpg\" class=\"attachment-large size-large wp-image-2667\" alt=\"\" srcset=\"https:\/\/www.echoesproject.eu\/wp-content\/uploads\/2024\/02\/5_1414352935.jpg 1024w, https:\/\/www.echoesproject.eu\/wp-content\/uploads\/2024\/02\/5_1414352935-300x200.jpg 300w, https:\/\/www.echoesproject.eu\/wp-content\/uploads\/2024\/02\/5_1414352935-768x512.jpg 768w\" sizes=\"(max-width: 900px) 100vw, 900px\" \/>\t\t\t\t\t\t\t\t\t\t\t\t\t<\/div>\n\t\t\t\t<\/div>\n\t\t\t\t<\/div>\n\t\t<div class=\"elementor-element elementor-element-21d9b01 e-con-full e-flex e-con e-child\" data-id=\"21d9b01\" data-element_type=\"container\">\n\t\t\t\t<div class=\"elementor-element elementor-element-6768921 elementor-widget elementor-widget-image\" data-id=\"6768921\" data-element_type=\"widget\" data-widget_type=\"image.default\">\n\t\t\t\t<div class=\"elementor-widget-container\">\n\t\t\t\t\t\t\t\t\t\t\t\t\t<img loading=\"lazy\" decoding=\"async\" width=\"900\" height=\"602\" src=\"https:\/\/www.echoesproject.eu\/wp-content\/uploads\/2024\/02\/6_1442296747.jpg\" class=\"attachment-large size-large wp-image-2730\" alt=\"\" srcset=\"https:\/\/www.echoesproject.eu\/wp-content\/uploads\/2024\/02\/6_1442296747.jpg 1024w, https:\/\/www.echoesproject.eu\/wp-content\/uploads\/2024\/02\/6_1442296747-300x201.jpg 300w, https:\/\/www.echoesproject.eu\/wp-content\/uploads\/2024\/02\/6_1442296747-768x514.jpg 768w\" sizes=\"(max-width: 900px) 100vw, 900px\" \/>\t\t\t\t\t\t\t\t\t\t\t\t\t<\/div>\n\t\t\t\t<\/div>\n\t\t\t\t<\/div>\n\t\t\t\t<\/div>\n\t\t<div class=\"elementor-element elementor-element-30ea145 e-flex e-con-boxed e-con e-parent\" data-id=\"30ea145\" data-element_type=\"container\" data-core-v316-plus=\"true\">\n\t\t\t\t\t<div class=\"e-con-inner\">\n\t\t\t\t<div class=\"elementor-element elementor-element-05c8c12 elementor-widget elementor-widget-text-editor\" data-id=\"05c8c12\" data-element_type=\"widget\" data-widget_type=\"text-editor.default\">\n\t\t\t\t<div class=\"elementor-widget-container\">\n\t\t\t\t\t\t\t<p data-pm-slice=\"1 1 []\">The musical foundation for THE ECHOES PROJECT&#8217;s performance is partially based on the album version of THE WALL. However, in many sections, the band also draws inspiration from live versions known from Pink Floyd&#8217;s concert tour following the album&#8217;s release (later compiled in the album <em>Is There Anybody Out There? The Wall Live 1980\u201381<\/em>). These live versions are more elaborate and sometimes sound slightly sharper than the original studio recording.<\/p>\t\t\t\t\t\t<\/div>\n\t\t\t\t<\/div>\n\t\t\t\t\t<\/div>\n\t\t\t\t<\/div>\n\t\t<div class=\"elementor-element elementor-element-6cc11d5 e-flex e-con-boxed e-con e-parent\" data-id=\"6cc11d5\" data-element_type=\"container\" data-core-v316-plus=\"true\">\n\t\t\t\t\t<div class=\"e-con-inner\">\n\t\t<div class=\"elementor-element elementor-element-124b9f8 e-con-full e-flex e-con e-child\" data-id=\"124b9f8\" data-element_type=\"container\">\n\t\t\t\t<div class=\"elementor-element elementor-element-2eb74fc elementor-widget elementor-widget-image\" data-id=\"2eb74fc\" data-element_type=\"widget\" data-widget_type=\"image.default\">\n\t\t\t\t<div class=\"elementor-widget-container\">\n\t\t\t\t\t\t\t\t\t\t\t\t\t<img loading=\"lazy\" decoding=\"async\" width=\"610\" height=\"407\" src=\"https:\/\/www.echoesproject.eu\/wp-content\/uploads\/2024\/02\/1418159416_75.jpg\" class=\"attachment-large size-large wp-image-2481\" alt=\"\" srcset=\"https:\/\/www.echoesproject.eu\/wp-content\/uploads\/2024\/02\/1418159416_75.jpg 610w, https:\/\/www.echoesproject.eu\/wp-content\/uploads\/2024\/02\/1418159416_75-300x200.jpg 300w\" sizes=\"(max-width: 610px) 100vw, 610px\" \/>\t\t\t\t\t\t\t\t\t\t\t\t\t<\/div>\n\t\t\t\t<\/div>\n\t\t\t\t<\/div>\n\t\t<div class=\"elementor-element elementor-element-13e631a e-con-full e-flex e-con e-child\" data-id=\"13e631a\" data-element_type=\"container\">\n\t\t\t\t<div class=\"elementor-element elementor-element-9bbb74f elementor-widget elementor-widget-image\" data-id=\"9bbb74f\" data-element_type=\"widget\" data-widget_type=\"image.default\">\n\t\t\t\t<div class=\"elementor-widget-container\">\n\t\t\t\t\t\t\t\t\t\t\t\t\t<img loading=\"lazy\" decoding=\"async\" width=\"610\" height=\"405\" src=\"https:\/\/www.echoesproject.eu\/wp-content\/uploads\/2024\/02\/1418159434_70.jpg\" class=\"attachment-large size-large wp-image-2482\" alt=\"\" srcset=\"https:\/\/www.echoesproject.eu\/wp-content\/uploads\/2024\/02\/1418159434_70.jpg 610w, https:\/\/www.echoesproject.eu\/wp-content\/uploads\/2024\/02\/1418159434_70-300x199.jpg 300w\" sizes=\"(max-width: 610px) 100vw, 610px\" \/>\t\t\t\t\t\t\t\t\t\t\t\t\t<\/div>\n\t\t\t\t<\/div>\n\t\t\t\t<\/div>\n\t\t<div class=\"elementor-element elementor-element-3622e48 e-con-full e-flex e-con e-child\" data-id=\"3622e48\" data-element_type=\"container\">\n\t\t\t\t<div class=\"elementor-element elementor-element-ac08227 elementor-widget elementor-widget-image\" data-id=\"ac08227\" data-element_type=\"widget\" data-widget_type=\"image.default\">\n\t\t\t\t<div class=\"elementor-widget-container\">\n\t\t\t\t\t\t\t\t\t\t\t\t\t<img loading=\"lazy\" decoding=\"async\" width=\"610\" height=\"407\" src=\"https:\/\/www.echoesproject.eu\/wp-content\/uploads\/2024\/02\/1418159471_76.jpg\" class=\"attachment-large size-large wp-image-2483\" alt=\"\" srcset=\"https:\/\/www.echoesproject.eu\/wp-content\/uploads\/2024\/02\/1418159471_76.jpg 610w, https:\/\/www.echoesproject.eu\/wp-content\/uploads\/2024\/02\/1418159471_76-300x200.jpg 300w\" sizes=\"(max-width: 610px) 100vw, 610px\" \/>\t\t\t\t\t\t\t\t\t\t\t\t\t<\/div>\n\t\t\t\t<\/div>\n\t\t\t\t<\/div>\n\t\t<div class=\"elementor-element elementor-element-5d7846e e-con-full e-flex e-con e-child\" data-id=\"5d7846e\" data-element_type=\"container\">\n\t\t\t\t<div class=\"elementor-element elementor-element-f9c3bbc elementor-widget elementor-widget-image\" data-id=\"f9c3bbc\" data-element_type=\"widget\" data-widget_type=\"image.default\">\n\t\t\t\t<div class=\"elementor-widget-container\">\n\t\t\t\t\t\t\t\t\t\t\t\t\t<img loading=\"lazy\" decoding=\"async\" width=\"610\" height=\"407\" src=\"https:\/\/www.echoesproject.eu\/wp-content\/uploads\/2024\/02\/1418159668_47.jpg\" class=\"attachment-large size-large wp-image-2484\" alt=\"\" srcset=\"https:\/\/www.echoesproject.eu\/wp-content\/uploads\/2024\/02\/1418159668_47.jpg 610w, https:\/\/www.echoesproject.eu\/wp-content\/uploads\/2024\/02\/1418159668_47-300x200.jpg 300w\" sizes=\"(max-width: 610px) 100vw, 610px\" \/>\t\t\t\t\t\t\t\t\t\t\t\t\t<\/div>\n\t\t\t\t<\/div>\n\t\t\t\t<\/div>\n\t\t\t\t\t<\/div>\n\t\t\t\t<\/div>\n\t\t<div class=\"elementor-element elementor-element-07157ff e-flex e-con-boxed e-con e-parent\" data-id=\"07157ff\" data-element_type=\"container\" data-core-v316-plus=\"true\">\n\t\t\t\t\t<div class=\"e-con-inner\">\n\t\t\t\t<div class=\"elementor-element elementor-element-4751602 elementor-widget elementor-widget-text-editor\" data-id=\"4751602\" data-element_type=\"widget\" data-widget_type=\"text-editor.default\">\n\t\t\t\t<div class=\"elementor-widget-container\">\n\t\t\t\t\t\t\t<p data-pm-slice=\"1 1 []\">The Bydgoszcz THE WALL Show was created to commemorate the 25th anniversary of democratic changes in Central Europe, symbolized by the first partially democratic elections in Central Europe (June 4, 1989) and the fall of the Berlin Wall (November 9, 1989). Its message is to present, in an accessible yet artistic form, the history of the anti-communist opposition in Central Europe, the living conditions at that time (such as school life and indoctrination), and the success of this seemingly hopeless struggle. This success began with Poland&#8217;s Solidarity movement (August 1980), followed by the Round Table Talks and the resulting first partially democratic elections in Central Europe (June 4, 1989), ultimately culminating in the fall of the Berlin Wall, which had previously symbolized the Iron Curtain.<\/p>\t\t\t\t\t\t<\/div>\n\t\t\t\t<\/div>\n\t\t\t\t\t<\/div>\n\t\t\t\t<\/div>\n\t\t<div class=\"elementor-element elementor-element-2c7a0f4 e-con-full e-flex e-con e-parent\" data-id=\"2c7a0f4\" data-element_type=\"container\" data-core-v316-plus=\"true\">\n\t\t<div class=\"elementor-element elementor-element-f62cffe e-con-full e-flex e-con e-child\" data-id=\"f62cffe\" data-element_type=\"container\">\n\t\t\t\t<div class=\"elementor-element elementor-element-bba63ee elementor-widget elementor-widget-image\" data-id=\"bba63ee\" data-element_type=\"widget\" data-widget_type=\"image.default\">\n\t\t\t\t<div class=\"elementor-widget-container\">\n\t\t\t\t\t\t\t\t\t\t\t\t\t<img loading=\"lazy\" decoding=\"async\" width=\"720\" height=\"1024\" src=\"https:\/\/www.echoesproject.eu\/wp-content\/uploads\/2024\/02\/the_wall_plakat_2014-720x1024.jpg\" class=\"attachment-large size-large wp-image-2485\" alt=\"\" srcset=\"https:\/\/www.echoesproject.eu\/wp-content\/uploads\/2024\/02\/the_wall_plakat_2014-720x1024.jpg 720w, https:\/\/www.echoesproject.eu\/wp-content\/uploads\/2024\/02\/the_wall_plakat_2014-211x300.jpg 211w, https:\/\/www.echoesproject.eu\/wp-content\/uploads\/2024\/02\/the_wall_plakat_2014-768x1092.jpg 768w, https:\/\/www.echoesproject.eu\/wp-content\/uploads\/2024\/02\/the_wall_plakat_2014-1080x1536.jpg 1080w, https:\/\/www.echoesproject.eu\/wp-content\/uploads\/2024\/02\/the_wall_plakat_2014-1440x2048.jpg 1440w, https:\/\/www.echoesproject.eu\/wp-content\/uploads\/2024\/02\/the_wall_plakat_2014-scaled.jpg 1800w\" sizes=\"(max-width: 720px) 100vw, 720px\" \/>\t\t\t\t\t\t\t\t\t\t\t\t\t<\/div>\n\t\t\t\t<\/div>\n\t\t\t\t<\/div>\n\t\t<div class=\"elementor-element elementor-element-26aeb6a e-con-full e-flex e-con e-child\" data-id=\"26aeb6a\" data-element_type=\"container\">\n\t\t\t\t<div class=\"elementor-element elementor-element-ca5b492 elementor-widget elementor-widget-text-editor\" data-id=\"ca5b492\" data-element_type=\"widget\" data-widget_type=\"text-editor.default\">\n\t\t\t\t<div class=\"elementor-widget-container\">\n\t\t\t\t\t\t\t<p data-pm-slice=\"1 1 []\">The primary inspiration for Jarek Kuropatwi\u0144ski&#8217;s concept was Roger Waters&#8217; performance of THE WALL in the empty space created by the fall of the Berlin Wall on July 21, 1990 (eight months after the wall&#8217;s demolition). Another source of inspiration was Waters&#8217; contemporary reinterpretation of THE WALL, in which he adds modern themes related to human rights advocacy. THE WALL also had a unique anti-communist reception on our side of the Iron Curtain. Jarek Kuropatwi\u0144ski&#8217;s concept also references this perception of THE WALL during the deep 1980s.<\/p><p>The Bydgoszcz THE WALL Show was documented in a film by Jarek Kuropatwi\u0144ski, which premiered at the Adria Cinema in Bydgoszcz in March 2017. DVD copies of this film were distributed to Polish diplomatic missions to promote Poland worldwide. From that moment, The Echoes Project began presenting the Bydgoszcz THE WALL Show at subsequent concerts, with their own synchronized version of The Wall film directed by Jarek Kuropatwi\u0144ski shown in the background.<\/p><p>MMP Neupack produced another wall for the band, which not only served as a backdrop and prop for concerts but also as a screen for projecting the film.<\/p><p>In the meantime, the Bydgoszcz THE WALL Show was also presented in other cities in Poland (Bydgoszcz, Toru\u0144, Grudzi\u0105dz, Pozna\u0144, Gda\u0144sk), including prestigious venues such as the Earth Hall in Pozna\u0144 (with over 1,000 tickets sold), the European Solidarity Centre in Gda\u0144sk, and under the walls of Grudzi\u0105dz for over 3,000 spectators during the 6th Gala of Lights and Energy.<\/p>\t\t\t\t\t\t<\/div>\n\t\t\t\t<\/div>\n\t\t\t\t<\/div>\n\t\t\t\t<\/div>\n\t\t<div class=\"elementor-element elementor-element-5d68801 e-flex e-con-boxed e-con e-parent\" data-id=\"5d68801\" data-element_type=\"container\" data-core-v316-plus=\"true\">\n\t\t\t\t\t<div class=\"e-con-inner\">\n\t\t\t\t<div class=\"elementor-element elementor-element-9743515 elementor-widget elementor-widget-video\" data-id=\"9743515\" data-element_type=\"widget\" data-settings=\"{&quot;youtube_url&quot;:&quot;https:\\\/\\\/www.youtube.com\\\/watch?v=71vBORcoqsw&amp;t=137s&quot;,&quot;video_type&quot;:&quot;youtube&quot;,&quot;controls&quot;:&quot;yes&quot;}\" data-widget_type=\"video.default\">\n\t\t\t\t<div class=\"elementor-widget-container\">\n\t\t\t<style>\/*! elementor - v3.20.0 - 13-03-2024 *\/\n.elementor-widget-video .elementor-widget-container{overflow:hidden;transform:translateZ(0)}.elementor-widget-video .elementor-wrapper{aspect-ratio:var(--video-aspect-ratio)}.elementor-widget-video .elementor-wrapper iframe,.elementor-widget-video .elementor-wrapper video{height:100%;width:100%;display:flex;border:none;background-color:#000}@supports not (aspect-ratio:1\/1){.elementor-widget-video .elementor-wrapper{position:relative;overflow:hidden;height:0;padding-bottom:calc(100% \/ var(--video-aspect-ratio))}.elementor-widget-video .elementor-wrapper iframe,.elementor-widget-video .elementor-wrapper video{position:absolute;top:0;right:0;bottom:0;left:0}}.elementor-widget-video .elementor-open-inline .elementor-custom-embed-image-overlay{position:absolute;top:0;right:0;bottom:0;left:0;background-size:cover;background-position:50%}.elementor-widget-video .elementor-custom-embed-image-overlay{cursor:pointer;text-align:center}.elementor-widget-video .elementor-custom-embed-image-overlay:hover .elementor-custom-embed-play i{opacity:1}.elementor-widget-video .elementor-custom-embed-image-overlay img{display:block;width:100%;aspect-ratio:var(--video-aspect-ratio);-o-object-fit:cover;object-fit:cover;-o-object-position:center center;object-position:center center}@supports not (aspect-ratio:1\/1){.elementor-widget-video .elementor-custom-embed-image-overlay{position:relative;overflow:hidden;height:0;padding-bottom:calc(100% \/ var(--video-aspect-ratio))}.elementor-widget-video .elementor-custom-embed-image-overlay img{position:absolute;top:0;right:0;bottom:0;left:0}}.elementor-widget-video .e-hosted-video .elementor-video{-o-object-fit:cover;object-fit:cover}.e-con-inner>.elementor-widget-video,.e-con>.elementor-widget-video{width:var(--container-widget-width);--flex-grow:var(--container-widget-flex-grow)}<\/style>\t\t<div class=\"elementor-wrapper elementor-open-inline\">\n\t\t\t<div class=\"elementor-video\"><\/div>\t\t<\/div>\n\t\t\t\t<\/div>\n\t\t\t\t<\/div>\n\t\t\t\t<div class=\"elementor-element elementor-element-0684093 elementor-widget elementor-widget-video\" data-id=\"0684093\" data-element_type=\"widget\" data-settings=\"{&quot;youtube_url&quot;:&quot;https:\\\/\\\/www.youtube.com\\\/watch?v=Ym6bomxmyhs&quot;,&quot;video_type&quot;:&quot;youtube&quot;,&quot;controls&quot;:&quot;yes&quot;}\" data-widget_type=\"video.default\">\n\t\t\t\t<div class=\"elementor-widget-container\">\n\t\t\t\t\t<div class=\"elementor-wrapper elementor-open-inline\">\n\t\t\t<div class=\"elementor-video\"><\/div>\t\t<\/div>\n\t\t\t\t<\/div>\n\t\t\t\t<\/div>\n\t\t\t\t<div class=\"elementor-element elementor-element-0e22a03 elementor-widget elementor-widget-video\" data-id=\"0e22a03\" data-element_type=\"widget\" data-settings=\"{&quot;youtube_url&quot;:&quot;https:\\\/\\\/www.youtube.com\\\/watch?v=n9VUtv_7ipY&amp;t=34s&quot;,&quot;video_type&quot;:&quot;youtube&quot;,&quot;controls&quot;:&quot;yes&quot;}\" data-widget_type=\"video.default\">\n\t\t\t\t<div class=\"elementor-widget-container\">\n\t\t\t\t\t<div class=\"elementor-wrapper elementor-open-inline\">\n\t\t\t<div class=\"elementor-video\"><\/div>\t\t<\/div>\n\t\t\t\t<\/div>\n\t\t\t\t<\/div>\n\t\t\t\t\t<\/div>\n\t\t\t\t<\/div>\n\t\t\t\t<\/div>\n\t\t","protected":false},"excerpt":{"rendered":"<p>BYDGOSZCZ THE WALL SHOW Polish Road to Freedom Between 2014 and 2020, the flagship project of The Echoes Project was the music and film performance titled &#8220;Bydgoszcz THE WALL Show. Polish Road to Freedom.&#8221; The core of the show was&#8230;<\/p>\n","protected":false},"author":1,"featured_media":0,"parent":0,"menu_order":0,"comment_status":"closed","ping_status":"open","template":"","meta":{"om_disable_all_campaigns":false,"_monsterinsights_skip_tracking":false,"_monsterinsights_sitenote_active":false,"_monsterinsights_sitenote_note":"","_monsterinsights_sitenote_category":0,"_uf_show_specific_survey":0,"_uf_disable_surveys":false,"footnotes":""},"class_list":["post-5747","page","type-page","status-publish","hentry"],"aioseo_notices":[],"_links":{"self":[{"href":"https:\/\/www.echoesproject.eu\/en\/wp-json\/wp\/v2\/pages\/5747","targetHints":{"allow":["GET"]}}],"collection":[{"href":"https:\/\/www.echoesproject.eu\/en\/wp-json\/wp\/v2\/pages"}],"about":[{"href":"https:\/\/www.echoesproject.eu\/en\/wp-json\/wp\/v2\/types\/page"}],"author":[{"embeddable":true,"href":"https:\/\/www.echoesproject.eu\/en\/wp-json\/wp\/v2\/users\/1"}],"replies":[{"embeddable":true,"href":"https:\/\/www.echoesproject.eu\/en\/wp-json\/wp\/v2\/comments?post=5747"}],"version-history":[{"count":3,"href":"https:\/\/www.echoesproject.eu\/en\/wp-json\/wp\/v2\/pages\/5747\/revisions"}],"predecessor-version":[{"id":5869,"href":"https:\/\/www.echoesproject.eu\/en\/wp-json\/wp\/v2\/pages\/5747\/revisions\/5869"}],"wp:attachment":[{"href":"https:\/\/www.echoesproject.eu\/en\/wp-json\/wp\/v2\/media?parent=5747"}],"curies":[{"name":"wp","href":"https:\/\/api.w.org\/{rel}","templated":true}]}}