{"id":5823,"date":"2024-02-23T10:06:49","date_gmt":"2024-02-23T09:06:49","guid":{"rendered":"https:\/\/www.echoesproject.eu\/zespol\/"},"modified":"2025-03-24T18:44:13","modified_gmt":"2025-03-24T17:44:13","slug":"band-members","status":"publish","type":"page","link":"https:\/\/www.echoesproject.eu\/en\/band-members\/","title":{"rendered":"Band Members"},"content":{"rendered":"\t\t<div data-elementor-type=\"wp-page\" data-elementor-id=\"5823\" class=\"elementor elementor-5823\">\n\t\t\t\t<div class=\"elementor-element elementor-element-77e4e76 e-con-full e-flex e-con e-parent\" data-id=\"77e4e76\" data-element_type=\"container\" data-core-v316-plus=\"true\">\n\t\t<div class=\"elementor-element elementor-element-bb4ac70 e-con-full e-flex e-con e-child\" data-id=\"bb4ac70\" data-element_type=\"container\">\n\t\t\t\t<div class=\"elementor-element elementor-element-3794b82 elementor-widget__width-initial elementor-widget elementor-widget-image\" data-id=\"3794b82\" data-element_type=\"widget\" data-widget_type=\"image.default\">\n\t\t\t\t<div class=\"elementor-widget-container\">\n\t\t\t<style>\/*! elementor - v3.20.0 - 13-03-2024 *\/\n.elementor-widget-image{text-align:center}.elementor-widget-image a{display:inline-block}.elementor-widget-image a img[src$=\".svg\"]{width:48px}.elementor-widget-image img{vertical-align:middle;display:inline-block}<\/style>\t\t\t\t\t\t\t\t\t\t<img fetchpriority=\"high\" decoding=\"async\" width=\"683\" height=\"1024\" src=\"https:\/\/www.echoesproject.eu\/wp-content\/uploads\/2024\/05\/Koncert_25-683x1024.jpg\" class=\"attachment-large size-large wp-image-4577\" alt=\"\" srcset=\"https:\/\/www.echoesproject.eu\/wp-content\/uploads\/2024\/05\/Koncert_25-683x1024.jpg 683w, https:\/\/www.echoesproject.eu\/wp-content\/uploads\/2024\/05\/Koncert_25-200x300.jpg 200w, https:\/\/www.echoesproject.eu\/wp-content\/uploads\/2024\/05\/Koncert_25-768x1152.jpg 768w, https:\/\/www.echoesproject.eu\/wp-content\/uploads\/2024\/05\/Koncert_25-1024x1536.jpg 1024w, https:\/\/www.echoesproject.eu\/wp-content\/uploads\/2024\/05\/Koncert_25-1365x2048.jpg 1365w, https:\/\/www.echoesproject.eu\/wp-content\/uploads\/2024\/05\/Koncert_25-scaled.jpg 1707w\" sizes=\"(max-width: 683px) 100vw, 683px\" \/>\t\t\t\t\t\t\t\t\t\t\t\t\t<\/div>\n\t\t\t\t<\/div>\n\t\t\t\t<div class=\"elementor-element elementor-element-1f8233d elementor-widget__width-initial elementor-widget elementor-widget-text-editor\" data-id=\"1f8233d\" data-element_type=\"widget\" data-widget_type=\"text-editor.default\">\n\t\t\t\t<div class=\"elementor-widget-container\">\n\t\t\t<style>\/*! elementor - v3.20.0 - 13-03-2024 *\/\n.elementor-widget-text-editor.elementor-drop-cap-view-stacked .elementor-drop-cap{background-color:#69727d;color:#fff}.elementor-widget-text-editor.elementor-drop-cap-view-framed .elementor-drop-cap{color:#69727d;border:3px solid;background-color:transparent}.elementor-widget-text-editor:not(.elementor-drop-cap-view-default) .elementor-drop-cap{margin-top:8px}.elementor-widget-text-editor:not(.elementor-drop-cap-view-default) .elementor-drop-cap-letter{width:1em;height:1em}.elementor-widget-text-editor .elementor-drop-cap{float:left;text-align:center;line-height:1;font-size:50px}.elementor-widget-text-editor .elementor-drop-cap-letter{display:inline-block}<\/style>\t\t\t\tJarek Kuropatwi\u0144ski\t\t\t\t\t\t<\/div>\n\t\t\t\t<\/div>\n\t\t\t\t<div class=\"elementor-element elementor-element-a55ae8b elementor-widget__width-initial elementor-widget elementor-widget-text-editor\" data-id=\"a55ae8b\" data-element_type=\"widget\" data-widget_type=\"text-editor.default\">\n\t\t\t\t<div class=\"elementor-widget-container\">\n\t\t\t\t\t\t\t<p>guitars<\/p>\t\t\t\t\t\t<\/div>\n\t\t\t\t<\/div>\n\t\t\t\t<\/div>\n\t\t<div class=\"elementor-element elementor-element-f30a2b2 e-con-full e-flex e-con e-child\" data-id=\"f30a2b2\" data-element_type=\"container\">\n\t\t\t\t<div class=\"elementor-element elementor-element-fc12366 elementor-widget elementor-widget-image\" data-id=\"fc12366\" data-element_type=\"widget\" data-widget_type=\"image.default\">\n\t\t\t\t<div class=\"elementor-widget-container\">\n\t\t\t\t\t\t\t\t\t\t\t\t\t<img decoding=\"async\" width=\"683\" height=\"1024\" src=\"https:\/\/www.echoesproject.eu\/wp-content\/uploads\/2024\/04\/Kamil-683x1024.jpg\" class=\"attachment-large size-large wp-image-4527\" alt=\"\" srcset=\"https:\/\/www.echoesproject.eu\/wp-content\/uploads\/2024\/04\/Kamil-683x1024.jpg 683w, https:\/\/www.echoesproject.eu\/wp-content\/uploads\/2024\/04\/Kamil-200x300.jpg 200w, https:\/\/www.echoesproject.eu\/wp-content\/uploads\/2024\/04\/Kamil-768x1152.jpg 768w, https:\/\/www.echoesproject.eu\/wp-content\/uploads\/2024\/04\/Kamil-1024x1536.jpg 1024w, https:\/\/www.echoesproject.eu\/wp-content\/uploads\/2024\/04\/Kamil-1365x2048.jpg 1365w, https:\/\/www.echoesproject.eu\/wp-content\/uploads\/2024\/04\/Kamil-scaled.jpg 1707w\" sizes=\"(max-width: 683px) 100vw, 683px\" \/>\t\t\t\t\t\t\t\t\t\t\t\t\t<\/div>\n\t\t\t\t<\/div>\n\t\t\t\t<div class=\"elementor-element elementor-element-438bfca elementor-widget__width-initial elementor-widget elementor-widget-text-editor\" data-id=\"438bfca\" data-element_type=\"widget\" data-widget_type=\"text-editor.default\">\n\t\t\t\t<div class=\"elementor-widget-container\">\n\t\t\t\t\t\t\tKamil Kuli\u0144ski\t\t\t\t\t\t<\/div>\n\t\t\t\t<\/div>\n\t\t\t\t<div class=\"elementor-element elementor-element-62176db elementor-widget__width-initial elementor-widget elementor-widget-text-editor\" data-id=\"62176db\" data-element_type=\"widget\" data-widget_type=\"text-editor.default\">\n\t\t\t\t<div class=\"elementor-widget-container\">\n\t\t\t\t\t\t\t<p>vocal<\/p>\t\t\t\t\t\t<\/div>\n\t\t\t\t<\/div>\n\t\t\t\t<\/div>\n\t\t<div class=\"elementor-element elementor-element-93480cb e-con-full e-flex e-con e-child\" data-id=\"93480cb\" data-element_type=\"container\">\n\t\t\t\t<div class=\"elementor-element elementor-element-5435ad2 elementor-widget__width-initial elementor-widget elementor-widget-image\" data-id=\"5435ad2\" data-element_type=\"widget\" data-widget_type=\"image.default\">\n\t\t\t\t<div class=\"elementor-widget-container\">\n\t\t\t\t\t\t\t\t\t\t\t\t\t<img decoding=\"async\" width=\"683\" height=\"1024\" src=\"https:\/\/www.echoesproject.eu\/wp-content\/uploads\/2024\/04\/Koncert_288-683x1024.jpg\" class=\"attachment-large size-large wp-image-4464\" alt=\"\" srcset=\"https:\/\/www.echoesproject.eu\/wp-content\/uploads\/2024\/04\/Koncert_288-683x1024.jpg 683w, https:\/\/www.echoesproject.eu\/wp-content\/uploads\/2024\/04\/Koncert_288-200x300.jpg 200w, https:\/\/www.echoesproject.eu\/wp-content\/uploads\/2024\/04\/Koncert_288-768x1152.jpg 768w, https:\/\/www.echoesproject.eu\/wp-content\/uploads\/2024\/04\/Koncert_288-1024x1536.jpg 1024w, https:\/\/www.echoesproject.eu\/wp-content\/uploads\/2024\/04\/Koncert_288-1365x2048.jpg 1365w, https:\/\/www.echoesproject.eu\/wp-content\/uploads\/2024\/04\/Koncert_288-scaled.jpg 1707w\" sizes=\"(max-width: 683px) 100vw, 683px\" \/>\t\t\t\t\t\t\t\t\t\t\t\t\t<\/div>\n\t\t\t\t<\/div>\n\t\t\t\t<div class=\"elementor-element elementor-element-b10fce3 elementor-widget__width-initial elementor-widget elementor-widget-text-editor\" data-id=\"b10fce3\" data-element_type=\"widget\" data-widget_type=\"text-editor.default\">\n\t\t\t\t<div class=\"elementor-widget-container\">\n\t\t\t\t\t\t\tTymon Czerwi\u0144ski\t\t\t\t\t\t<\/div>\n\t\t\t\t<\/div>\n\t\t\t\t<div class=\"elementor-element elementor-element-d057c69 elementor-widget__width-initial elementor-widget elementor-widget-text-editor\" data-id=\"d057c69\" data-element_type=\"widget\" data-widget_type=\"text-editor.default\">\n\t\t\t\t<div class=\"elementor-widget-container\">\n\t\t\t\t\t\t\t<p>guitars, piano, vocal<\/p>\t\t\t\t\t\t<\/div>\n\t\t\t\t<\/div>\n\t\t\t\t<\/div>\n\t\t<div class=\"elementor-element elementor-element-cf69ec2 e-con-full e-flex e-con e-child\" data-id=\"cf69ec2\" data-element_type=\"container\">\n\t\t\t\t<div class=\"elementor-element elementor-element-3c57a5b elementor-widget__width-initial elementor-widget elementor-widget-image\" data-id=\"3c57a5b\" data-element_type=\"widget\" data-widget_type=\"image.default\">\n\t\t\t\t<div class=\"elementor-widget-container\">\n\t\t\t\t\t\t\t\t\t\t\t\t\t<img loading=\"lazy\" decoding=\"async\" width=\"683\" height=\"1024\" src=\"https:\/\/www.echoesproject.eu\/wp-content\/uploads\/2024\/05\/Koncert_30-683x1024.jpg\" class=\"attachment-large size-large wp-image-4575\" alt=\"\" srcset=\"https:\/\/www.echoesproject.eu\/wp-content\/uploads\/2024\/05\/Koncert_30-683x1024.jpg 683w, https:\/\/www.echoesproject.eu\/wp-content\/uploads\/2024\/05\/Koncert_30-200x300.jpg 200w, https:\/\/www.echoesproject.eu\/wp-content\/uploads\/2024\/05\/Koncert_30-768x1152.jpg 768w, https:\/\/www.echoesproject.eu\/wp-content\/uploads\/2024\/05\/Koncert_30-1024x1536.jpg 1024w, https:\/\/www.echoesproject.eu\/wp-content\/uploads\/2024\/05\/Koncert_30-1365x2048.jpg 1365w, https:\/\/www.echoesproject.eu\/wp-content\/uploads\/2024\/05\/Koncert_30-scaled.jpg 1707w\" sizes=\"(max-width: 683px) 100vw, 683px\" \/>\t\t\t\t\t\t\t\t\t\t\t\t\t<\/div>\n\t\t\t\t<\/div>\n\t\t\t\t<div class=\"elementor-element elementor-element-278256b elementor-widget__width-initial elementor-widget elementor-widget-text-editor\" data-id=\"278256b\" data-element_type=\"widget\" data-widget_type=\"text-editor.default\">\n\t\t\t\t<div class=\"elementor-widget-container\">\n\t\t\t\t\t\t\tDarek Chojnacki\t\t\t\t\t\t<\/div>\n\t\t\t\t<\/div>\n\t\t\t\t<div class=\"elementor-element elementor-element-e50e605 elementor-widget__width-initial elementor-widget elementor-widget-text-editor\" data-id=\"e50e605\" data-element_type=\"widget\" data-widget_type=\"text-editor.default\">\n\t\t\t\t<div class=\"elementor-widget-container\">\n\t\t\t\t\t\t\t<p>bass guitar<\/p>\t\t\t\t\t\t<\/div>\n\t\t\t\t<\/div>\n\t\t\t\t<\/div>\n\t\t<div class=\"elementor-element elementor-element-dee5e50 e-con-full e-flex e-con e-child\" data-id=\"dee5e50\" data-element_type=\"container\">\n\t\t\t\t<div class=\"elementor-element elementor-element-9019d7b elementor-widget__width-initial elementor-widget elementor-widget-image\" data-id=\"9019d7b\" data-element_type=\"widget\" data-widget_type=\"image.default\">\n\t\t\t\t<div class=\"elementor-widget-container\">\n\t\t\t\t\t\t\t\t\t\t\t\t\t<img loading=\"lazy\" decoding=\"async\" width=\"683\" height=\"1024\" src=\"https:\/\/www.echoesproject.eu\/wp-content\/uploads\/2024\/05\/piotr-683x1024.jpg\" class=\"attachment-large size-large wp-image-4591\" alt=\"\" srcset=\"https:\/\/www.echoesproject.eu\/wp-content\/uploads\/2024\/05\/piotr-683x1024.jpg 683w, https:\/\/www.echoesproject.eu\/wp-content\/uploads\/2024\/05\/piotr-200x300.jpg 200w, https:\/\/www.echoesproject.eu\/wp-content\/uploads\/2024\/05\/piotr-768x1152.jpg 768w, https:\/\/www.echoesproject.eu\/wp-content\/uploads\/2024\/05\/piotr-1024x1536.jpg 1024w, https:\/\/www.echoesproject.eu\/wp-content\/uploads\/2024\/05\/piotr-1365x2048.jpg 1365w, https:\/\/www.echoesproject.eu\/wp-content\/uploads\/2024\/05\/piotr-scaled.jpg 1707w\" sizes=\"(max-width: 683px) 100vw, 683px\" \/>\t\t\t\t\t\t\t\t\t\t\t\t\t<\/div>\n\t\t\t\t<\/div>\n\t\t\t\t<div class=\"elementor-element elementor-element-082d07e elementor-widget__width-initial elementor-widget elementor-widget-text-editor\" data-id=\"082d07e\" data-element_type=\"widget\" data-widget_type=\"text-editor.default\">\n\t\t\t\t<div class=\"elementor-widget-container\">\n\t\t\t\t\t\t\tPiotr Jaracz\t\t\t\t\t\t<\/div>\n\t\t\t\t<\/div>\n\t\t\t\t<div class=\"elementor-element elementor-element-1c74d52 elementor-widget__width-initial elementor-widget elementor-widget-text-editor\" data-id=\"1c74d52\" data-element_type=\"widget\" data-widget_type=\"text-editor.default\">\n\t\t\t\t<div class=\"elementor-widget-container\">\n\t\t\t\t\t\t\t<p>drums, synthesizers,\u00a0 audio samples and visualizations<\/p>\t\t\t\t\t\t<\/div>\n\t\t\t\t<\/div>\n\t\t\t\t<\/div>\n\t\t<div class=\"elementor-element elementor-element-6010c11 e-con-full e-flex e-con e-child\" data-id=\"6010c11\" data-element_type=\"container\">\n\t\t\t\t<div class=\"elementor-element elementor-element-4ad51b3 elementor-widget__width-initial elementor-widget elementor-widget-image\" data-id=\"4ad51b3\" data-element_type=\"widget\" data-widget_type=\"image.default\">\n\t\t\t\t<div class=\"elementor-widget-container\">\n\t\t\t\t\t\t\t\t\t\t\t\t\t<img loading=\"lazy\" decoding=\"async\" width=\"1023\" height=\"1536\" src=\"https:\/\/www.echoesproject.eu\/wp-content\/uploads\/2024\/05\/Koncert_137-1023x1536.jpg\" class=\"attachment-1536x1536 size-1536x1536 wp-image-4608\" alt=\"\" srcset=\"https:\/\/www.echoesproject.eu\/wp-content\/uploads\/2024\/05\/Koncert_137-1023x1536.jpg 1023w, https:\/\/www.echoesproject.eu\/wp-content\/uploads\/2024\/05\/Koncert_137-200x300.jpg 200w, https:\/\/www.echoesproject.eu\/wp-content\/uploads\/2024\/05\/Koncert_137-682x1024.jpg 682w, https:\/\/www.echoesproject.eu\/wp-content\/uploads\/2024\/05\/Koncert_137-768x1153.jpg 768w, https:\/\/www.echoesproject.eu\/wp-content\/uploads\/2024\/05\/Koncert_137-1364x2048.jpg 1364w, https:\/\/www.echoesproject.eu\/wp-content\/uploads\/2024\/05\/Koncert_137-scaled.jpg 1705w\" sizes=\"(max-width: 1023px) 100vw, 1023px\" \/>\t\t\t\t\t\t\t\t\t\t\t\t\t<\/div>\n\t\t\t\t<\/div>\n\t\t\t\t<div class=\"elementor-element elementor-element-ea0e37c elementor-widget__width-initial elementor-widget elementor-widget-text-editor\" data-id=\"ea0e37c\" data-element_type=\"widget\" data-widget_type=\"text-editor.default\">\n\t\t\t\t<div class=\"elementor-widget-container\">\n\t\t\t\t\t\t\tPrzemek R\u00f3\u017cyczka\t\t\t\t\t\t<\/div>\n\t\t\t\t<\/div>\n\t\t\t\t<div class=\"elementor-element elementor-element-3bfb464 elementor-widget__width-initial elementor-widget elementor-widget-text-editor\" data-id=\"3bfb464\" data-element_type=\"widget\" data-widget_type=\"text-editor.default\">\n\t\t\t\t<div class=\"elementor-widget-container\">\n\t\t\t\t\t\t\t<p>piano, synthesizers, keyboards, hammond<\/p>\t\t\t\t\t\t<\/div>\n\t\t\t\t<\/div>\n\t\t\t\t<\/div>\n\t\t\t\t<\/div>\n\t\t<div class=\"elementor-element elementor-element-943ba39 e-con-full e-flex e-con e-parent\" data-id=\"943ba39\" data-element_type=\"container\" data-core-v316-plus=\"true\">\n\t\t<div class=\"elementor-element elementor-element-9734834 e-con-full e-flex e-con e-child\" data-id=\"9734834\" data-element_type=\"container\">\n\t\t\t\t<div class=\"elementor-element elementor-element-9d6ae7a elementor-widget__width-initial elementor-widget elementor-widget-image\" data-id=\"9d6ae7a\" data-element_type=\"widget\" data-widget_type=\"image.default\">\n\t\t\t\t<div class=\"elementor-widget-container\">\n\t\t\t\t\t\t\t\t\t\t\t\t\t<img loading=\"lazy\" decoding=\"async\" width=\"683\" height=\"1024\" src=\"https:\/\/www.echoesproject.eu\/wp-content\/uploads\/2024\/05\/Kasia-2-1-683x1024.jpg\" class=\"attachment-large size-large wp-image-4582\" alt=\"\" srcset=\"https:\/\/www.echoesproject.eu\/wp-content\/uploads\/2024\/05\/Kasia-2-1-683x1024.jpg 683w, https:\/\/www.echoesproject.eu\/wp-content\/uploads\/2024\/05\/Kasia-2-1-200x300.jpg 200w, https:\/\/www.echoesproject.eu\/wp-content\/uploads\/2024\/05\/Kasia-2-1-768x1152.jpg 768w, https:\/\/www.echoesproject.eu\/wp-content\/uploads\/2024\/05\/Kasia-2-1-1024x1536.jpg 1024w, https:\/\/www.echoesproject.eu\/wp-content\/uploads\/2024\/05\/Kasia-2-1-1365x2048.jpg 1365w, https:\/\/www.echoesproject.eu\/wp-content\/uploads\/2024\/05\/Kasia-2-1-scaled.jpg 1707w\" sizes=\"(max-width: 683px) 100vw, 683px\" \/>\t\t\t\t\t\t\t\t\t\t\t\t\t<\/div>\n\t\t\t\t<\/div>\n\t\t\t\t<div class=\"elementor-element elementor-element-5f68402 elementor-widget__width-initial elementor-widget elementor-widget-text-editor\" data-id=\"5f68402\" data-element_type=\"widget\" data-widget_type=\"text-editor.default\">\n\t\t\t\t<div class=\"elementor-widget-container\">\n\t\t\t\t\t\t\tKasia \u0141yszkowicz-Jankowska\t\t\t\t\t\t<\/div>\n\t\t\t\t<\/div>\n\t\t\t\t<div class=\"elementor-element elementor-element-a85c5f8 elementor-widget__width-initial elementor-widget elementor-widget-text-editor\" data-id=\"a85c5f8\" data-element_type=\"widget\" data-widget_type=\"text-editor.default\">\n\t\t\t\t<div class=\"elementor-widget-container\">\n\t\t\t\t\t\t\t<p>backing vocals<\/p>\t\t\t\t\t\t<\/div>\n\t\t\t\t<\/div>\n\t\t\t\t<\/div>\n\t\t<div class=\"elementor-element elementor-element-6026baa e-con-full e-flex e-con e-child\" data-id=\"6026baa\" data-element_type=\"container\">\n\t\t\t\t<div class=\"elementor-element elementor-element-d36fde7 elementor-widget elementor-widget-image\" data-id=\"d36fde7\" data-element_type=\"widget\" data-widget_type=\"image.default\">\n\t\t\t\t<div class=\"elementor-widget-container\">\n\t\t\t\t\t\t\t\t\t\t\t\t\t<img loading=\"lazy\" decoding=\"async\" width=\"683\" height=\"1024\" src=\"https:\/\/www.echoesproject.eu\/wp-content\/uploads\/2024\/05\/bartek-2-683x1024.jpg\" class=\"attachment-large size-large wp-image-4592\" alt=\"\" srcset=\"https:\/\/www.echoesproject.eu\/wp-content\/uploads\/2024\/05\/bartek-2-683x1024.jpg 683w, https:\/\/www.echoesproject.eu\/wp-content\/uploads\/2024\/05\/bartek-2-200x300.jpg 200w, https:\/\/www.echoesproject.eu\/wp-content\/uploads\/2024\/05\/bartek-2-768x1152.jpg 768w, https:\/\/www.echoesproject.eu\/wp-content\/uploads\/2024\/05\/bartek-2-1024x1536.jpg 1024w, https:\/\/www.echoesproject.eu\/wp-content\/uploads\/2024\/05\/bartek-2-1365x2048.jpg 1365w, https:\/\/www.echoesproject.eu\/wp-content\/uploads\/2024\/05\/bartek-2-scaled.jpg 1707w\" sizes=\"(max-width: 683px) 100vw, 683px\" \/>\t\t\t\t\t\t\t\t\t\t\t\t\t<\/div>\n\t\t\t\t<\/div>\n\t\t\t\t<div class=\"elementor-element elementor-element-2e6be68 elementor-widget__width-initial elementor-widget elementor-widget-text-editor\" data-id=\"2e6be68\" data-element_type=\"widget\" data-widget_type=\"text-editor.default\">\n\t\t\t\t<div class=\"elementor-widget-container\">\n\t\t\t\t\t\t\tBartek Haliniak\t\t\t\t\t\t<\/div>\n\t\t\t\t<\/div>\n\t\t\t\t<div class=\"elementor-element elementor-element-43d011f elementor-widget__width-initial elementor-widget elementor-widget-text-editor\" data-id=\"43d011f\" data-element_type=\"widget\" data-widget_type=\"text-editor.default\">\n\t\t\t\t<div class=\"elementor-widget-container\">\n\t\t\t\t\t\t\t<p>sax<\/p>\t\t\t\t\t\t<\/div>\n\t\t\t\t<\/div>\n\t\t\t\t<\/div>\n\t\t<div class=\"elementor-element elementor-element-dbc295a e-con-full e-flex e-con e-child\" data-id=\"dbc295a\" data-element_type=\"container\">\n\t\t\t\t<div class=\"elementor-element elementor-element-3de7451 elementor-widget__width-initial elementor-widget elementor-widget-image\" data-id=\"3de7451\" data-element_type=\"widget\" data-widget_type=\"image.default\">\n\t\t\t\t<div class=\"elementor-widget-container\">\n\t\t\t\t\t\t\t\t\t\t\t\t\t<img loading=\"lazy\" decoding=\"async\" width=\"683\" height=\"1024\" src=\"https:\/\/www.echoesproject.eu\/wp-content\/uploads\/2024\/04\/Koncert_245-683x1024.jpg\" class=\"attachment-large size-large wp-image-4544\" alt=\"\" srcset=\"https:\/\/www.echoesproject.eu\/wp-content\/uploads\/2024\/04\/Koncert_245-683x1024.jpg 683w, https:\/\/www.echoesproject.eu\/wp-content\/uploads\/2024\/04\/Koncert_245-200x300.jpg 200w, https:\/\/www.echoesproject.eu\/wp-content\/uploads\/2024\/04\/Koncert_245-768x1152.jpg 768w, https:\/\/www.echoesproject.eu\/wp-content\/uploads\/2024\/04\/Koncert_245-1024x1536.jpg 1024w, https:\/\/www.echoesproject.eu\/wp-content\/uploads\/2024\/04\/Koncert_245-1365x2048.jpg 1365w, https:\/\/www.echoesproject.eu\/wp-content\/uploads\/2024\/04\/Koncert_245-scaled.jpg 1707w\" sizes=\"(max-width: 683px) 100vw, 683px\" \/>\t\t\t\t\t\t\t\t\t\t\t\t\t<\/div>\n\t\t\t\t<\/div>\n\t\t\t\t<div class=\"elementor-element elementor-element-cb4e94a elementor-widget__width-initial elementor-widget elementor-widget-text-editor\" data-id=\"cb4e94a\" data-element_type=\"widget\" data-widget_type=\"text-editor.default\">\n\t\t\t\t<div class=\"elementor-widget-container\">\n\t\t\t\t\t\t\tAgnieszka Kensik\t\t\t\t\t\t<\/div>\n\t\t\t\t<\/div>\n\t\t\t\t<div class=\"elementor-element elementor-element-c42cd4d elementor-widget__width-initial elementor-widget elementor-widget-text-editor\" data-id=\"c42cd4d\" data-element_type=\"widget\" data-widget_type=\"text-editor.default\">\n\t\t\t\t<div class=\"elementor-widget-container\">\n\t\t\t\t\t\t\t<p>backing vocals<\/p>\t\t\t\t\t\t<\/div>\n\t\t\t\t<\/div>\n\t\t\t\t<\/div>\n\t\t<div class=\"elementor-element elementor-element-aed04e6 e-con-full e-flex e-con e-child\" data-id=\"aed04e6\" data-element_type=\"container\">\n\t\t\t\t<\/div>\n\t\t<div class=\"elementor-element elementor-element-fcd97a2 e-con-full e-flex e-con e-child\" data-id=\"fcd97a2\" data-element_type=\"container\">\n\t\t\t\t<\/div>\n\t\t<div class=\"elementor-element elementor-element-0ba1e7d e-con-full e-flex e-con e-child\" data-id=\"0ba1e7d\" data-element_type=\"container\">\n\t\t\t\t<\/div>\n\t\t\t\t<\/div>\n\t\t\t\t<\/div>\n\t\t","protected":false},"excerpt":{"rendered":"<p>Jarek Kuropatwi\u0144ski guitars Kamil Kuli\u0144ski vocal Tymon Czerwi\u0144ski guitars, piano, vocal Darek Chojnacki bass guitar Piotr Jaracz drums, synthesizers,\u00a0 audio samples and visualizations Przemek R\u00f3\u017cyczka piano, synthesizers, keyboards, hammond Kasia \u0141yszkowicz-Jankowska backing vocals Bartek Haliniak sax Agnieszka Kensik backing vocals<\/p>\n","protected":false},"author":1,"featured_media":0,"parent":0,"menu_order":0,"comment_status":"closed","ping_status":"closed","template":"elementor_header_footer","meta":{"om_disable_all_campaigns":false,"_monsterinsights_skip_tracking":false,"_monsterinsights_sitenote_active":false,"_monsterinsights_sitenote_note":"","_monsterinsights_sitenote_category":0,"_uf_show_specific_survey":0,"_uf_disable_surveys":false,"footnotes":""},"class_list":["post-5823","page","type-page","status-publish","hentry"],"aioseo_notices":[],"_links":{"self":[{"href":"https:\/\/www.echoesproject.eu\/en\/wp-json\/wp\/v2\/pages\/5823","targetHints":{"allow":["GET"]}}],"collection":[{"href":"https:\/\/www.echoesproject.eu\/en\/wp-json\/wp\/v2\/pages"}],"about":[{"href":"https:\/\/www.echoesproject.eu\/en\/wp-json\/wp\/v2\/types\/page"}],"author":[{"embeddable":true,"href":"https:\/\/www.echoesproject.eu\/en\/wp-json\/wp\/v2\/users\/1"}],"replies":[{"embeddable":true,"href":"https:\/\/www.echoesproject.eu\/en\/wp-json\/wp\/v2\/comments?post=5823"}],"version-history":[{"count":7,"href":"https:\/\/www.echoesproject.eu\/en\/wp-json\/wp\/v2\/pages\/5823\/revisions"}],"predecessor-version":[{"id":5863,"href":"https:\/\/www.echoesproject.eu\/en\/wp-json\/wp\/v2\/pages\/5823\/revisions\/5863"}],"wp:attachment":[{"href":"https:\/\/www.echoesproject.eu\/en\/wp-json\/wp\/v2\/media?parent=5823"}],"curies":[{"name":"wp","href":"https:\/\/api.w.org\/{rel}","templated":true}]}}